{"id":31,"date":"2022-07-18T08:14:02","date_gmt":"2022-07-18T08:14:02","guid":{"rendered":"http:\/\/monomanfratellimontini.it\/?page_id=31"},"modified":"2022-07-18T12:07:13","modified_gmt":"2022-07-18T12:07:13","slug":"colibri-wp","status":"publish","type":"page","link":"https:\/\/minuteriemetallichetornite.it\/","title":{"rendered":"HOME PAGE"},"content":{"rendered":"<div data-colibri-id=\"31-c1\" class=\"style-190 style-local-31-c1 position-relative\">\r\n  <!---->\r\n  <div data-colibri-component=\"section\" data-colibri-id=\"31-c2\" id=\"about\" class=\"h-section h-section-global-spacing d-flex align-items-lg-center align-items-md-center align-items-center style-198 style-local-31-c2 position-relative\">\r\n    <!---->\r\n    <!---->\r\n    <div class=\"h-section-grid-container h-section-boxed-container\">\r\n      <!---->\r\n      <div data-colibri-id=\"31-c3\" class=\"h-row-container gutters-row-lg-0 gutters-row-md-0 gutters-row-0 gutters-row-v-lg-0 gutters-row-v-md-0 gutters-row-v-0 style-199 style-local-31-c3 position-relative\">\r\n        <!---->\r\n        <div class=\"h-row justify-content-lg-center justify-content-md-center justify-content-center align-items-lg-stretch align-items-md-stretch align-items-stretch gutters-col-lg-0 gutters-col-md-0 gutters-col-0 gutters-col-v-lg-0 gutters-col-v-md-0 gutters-col-v-0\">\r\n          <!---->\r\n          <div class=\"h-column h-column-container d-flex h-col-lg-auto h-col-md-auto h-col-auto style-200-outer style-local-31-c4-outer\">\r\n            <div data-colibri-id=\"31-c4\" class=\"d-flex h-flex-basis h-column__inner h-px-lg-0 h-px-md-0 h-px-0 v-inner-lg-0 v-inner-md-0 v-inner-0 style-200 style-local-31-c4 position-relative\">\r\n              <!---->\r\n              <!---->\r\n              <div class=\"w-100 h-y-container h-column__content h-column__v-align flex-basis-100 align-self-lg-start align-self-md-start align-self-start\">\r\n                <!---->\r\n                <div data-colibri-id=\"31-c5\" class=\"h-global-transition-all h-heading style-202 style-local-31-c5 position-relative h-element\">\r\n                  <!---->\r\n                  <div class=\"h-heading__outer style-202 style-local-31-c5\">\r\n                    <!---->\r\n                    <!---->\r\n                    <h3 class=\"\">Torneria all\u2019avanguardia nella lavorazione delle barre a Gardone Val Trompia<\/h3>\r\n                  <\/div>\r\n                <\/div>\r\n                <div data-colibri-id=\"31-c6\" class=\"h-text h-text-component style-203 style-local-31-c6 position-relative h-element\">\r\n                  <!---->\r\n                  <!---->\r\n                  <div class=\"\">\r\n                    <p>La torneria Monoman \u00e8 un punto di riferimento a Gardone Val Trompia e in provincia di Brescia nel settore della minuteria tornita di precisione. Ad animare l\u2019azienda \u00e8 la forte passione, seriet\u00e0 e professionalit\u00e0 portate avanti dallo\r\n                      staff esperto, sempre a vostra disposizione per la realizzazione e lavorazione delle barre o per la tornitura dell\u2019acciaio, due servizi eseguiti con la massima precisione e competenza.<\/p>\r\n                    <p>\r\n                      <br>\r\n                    <\/p>\r\n                    <p>\u00c8 proprio grazie ai suoi collaboratori, costantemente formati, e all\u2019utilizzo di attrezzature moderne e all\u2019avanguardia, che la torneria \u00e8 riuscita ad affermarsi come una realt\u00e0 di spicco su tutto il territorio: contattatela per conoscere\r\n                      l\u2019offerta completa o per richiedere un preventivo.&nbsp;<\/p>\r\n                    <p>\r\n                      <br>\r\n                    <\/p>\r\n                  <\/div>\r\n                <\/div>\r\n              <\/div>\r\n            <\/div>\r\n          <\/div>\r\n          <div class=\"h-column h-column-container d-flex h-col-lg-auto h-col-md-auto h-col-auto style-204-outer style-local-31-c7-outer\">\r\n            <div data-colibri-id=\"31-c7\" class=\"d-flex h-flex-basis h-column__inner h-ui-empty-state-container h-px-lg-2 h-px-md-2 h-px-2 v-inner-lg-2 v-inner-md-2 v-inner-2 style-204 style-local-31-c7 position-relative\">\r\n              <!---->\r\n              <!---->\r\n              <div class=\"w-100 h-y-container h-column__content h-column__v-align flex-basis-100\">\r\n                <!---->\r\n              <\/div>\r\n            <\/div>\r\n          <\/div>\r\n        <\/div>\r\n      <\/div>\r\n    <\/div>\r\n  <\/div>\r\n  <div data-colibri-component=\"section\" data-colibri-id=\"31-c8\" id=\"content\" class=\"h-section h-section-global-spacing d-flex align-items-lg-center align-items-md-center align-items-center style-217 style-local-31-c8 position-relative\">\r\n    <!---->\r\n    <!---->\r\n    <div class=\"h-section-grid-container h-section-boxed-container\">\r\n      <!---->\r\n      <div data-colibri-id=\"31-c9\" class=\"h-row-container gutters-row-lg-2 gutters-row-md-2 gutters-row-2 gutters-row-v-lg-2 gutters-row-v-md-2 gutters-row-v-2 style-218 style-local-31-c9 position-relative\">\r\n        <!---->\r\n        <div class=\"h-row justify-content-lg-center justify-content-md-center justify-content-center align-items-lg-stretch align-items-md-stretch align-items-stretch gutters-col-lg-2 gutters-col-md-2 gutters-col-2 gutters-col-v-lg-2 gutters-col-v-md-2 gutters-col-v-2\">\r\n          <!---->\r\n          <div class=\"h-column h-column-container d-flex h-col-lg-auto h-col-md-auto h-col-auto style-219-outer style-local-31-c10-outer\">\r\n            <div data-colibri-id=\"31-c10\" class=\"d-flex h-flex-basis h-column__inner h-px-lg-2 h-px-md-2 h-px-2 v-inner-lg-2 v-inner-md-2 v-inner-2 style-219 style-local-31-c10 position-relative\">\r\n              <!---->\r\n              <!---->\r\n              <div class=\"w-100 h-y-container h-column__content h-column__v-align flex-basis-100 align-self-lg-center align-self-md-center align-self-center\">\r\n                <!---->\r\n                <div data-colibri-id=\"31-c11\" class=\"d-block style-220 style-local-31-c11 position-relative h-element\">\r\n                  <!---->\r\n                  <div class=\"h-image__frame-container-outer\">\r\n                    <div class=\"h-image__frame-container\">\r\n                      <!---->\r\n                      <!---->\r\n                      <img loading=\"lazy\" decoding=\"async\" width=\"578\" height=\"578\" src=\"http:\/\/monomanfratellimontini.it\/wp-content\/uploads\/2022\/07\/cropped-firefox_8nXD8Awwes.png\" class=\"wp-image-128 style-220-image style-local-31-c11-image\" alt=\"\" srcset=\"https:\/\/minuteriemetallichetornite.it\/wp-content\/uploads\/2022\/07\/cropped-firefox_8nXD8Awwes.png 578w, https:\/\/minuteriemetallichetornite.it\/wp-content\/uploads\/2022\/07\/cropped-firefox_8nXD8Awwes-300x300.png 300w, https:\/\/minuteriemetallichetornite.it\/wp-content\/uploads\/2022\/07\/cropped-firefox_8nXD8Awwes-150x150.png 150w\" sizes=\"auto, (max-width: 578px) 100vw, 578px\" \/>\r\n                      <div class=\"h-image__frame h-image__frame_shadow h-hide-sm style-220-frameImage style-local-31-c11-frameImage\"><\/div>\r\n                    <\/div>\r\n                  <\/div>\r\n                <\/div>\r\n              <\/div>\r\n            <\/div>\r\n          <\/div>\r\n          <div class=\"h-column h-column-container d-flex h-col-lg-auto h-col-md-auto h-col-auto style-221-outer style-local-31-c12-outer\">\r\n            <div data-colibri-id=\"31-c12\" class=\"d-flex h-flex-basis h-column__inner h-px-lg-2 h-px-md-2 h-px-2 v-inner-lg-2 v-inner-md-2 v-inner-2 style-221 style-local-31-c12 position-relative\">\r\n              <!---->\r\n              <!---->\r\n              <div class=\"w-100 h-y-container h-column__content h-column__v-align flex-basis-100 align-self-lg-center align-self-md-center align-self-center\">\r\n                <!---->\r\n                <div data-colibri-id=\"31-c13\" class=\"h-global-transition-all h-heading style-222 style-local-31-c13 position-relative h-element\">\r\n                  <!---->\r\n                  <div class=\"h-heading__outer style-222 style-local-31-c13\">\r\n                    <!---->\r\n                    <!---->\r\n                    <h3 class=\"\">Lavorazioni di precisione da barra<\/h3>\r\n                  <\/div>\r\n                <\/div>\r\n                <div data-colibri-id=\"31-c14\" class=\"h-lead h-text h-text-component style-223 style-local-31-c14 position-relative h-element\">\r\n                  <!---->\r\n                  <!---->\r\n                  <div class=\"\">\r\n                    <p>Per la realizzazione di componenti particolari, la torneria dei fratelli Montini si avvale delle migliori tecnologie dedicate anche alla tornitura da barre: si tratta di una tecnica produttiva che permette la lavorazione di una barra\r\n                      metallica intera dalla quale \u00e8 possibile ottenere pezzi di vario tipo e con forme diverse a seconda del vostro progetto.<\/p>\r\n                    <p>\r\n                      <br>\r\n                    <\/p>\r\n                    <p>Partendo da un\u2019attenta consulenza volta a comprendere le vostre specifiche esigenze, lo staff tecnico proceder\u00e0 con l\u2019esecuzione del servizio, il cui obiettivo \u00e8 quello di ottenere un componente finale ad alta precisione.&nbsp;<\/p>\r\n                    <p>\r\n                      <br>\r\n                    <\/p>\r\n                  <\/div>\r\n                <\/div>\r\n              <\/div>\r\n            <\/div>\r\n          <\/div>\r\n        <\/div>\r\n      <\/div>\r\n    <\/div>\r\n  <\/div>\r\n  <div data-colibri-component=\"section\" data-colibri-id=\"31-c19\" id=\"content-2\" class=\"h-section h-section-global-spacing d-flex align-items-lg-center align-items-md-center align-items-center style-233 style-local-31-c19 position-relative\">\r\n    <!---->\r\n    <!---->\r\n    <div class=\"h-section-grid-container h-section-boxed-container\">\r\n      <!---->\r\n      <div data-colibri-id=\"31-c20\" class=\"h-row-container gutters-row-lg-2 gutters-row-md-2 gutters-row-2 gutters-row-v-lg-2 gutters-row-v-md-2 gutters-row-v-2 style-234 style-local-31-c20 position-relative\">\r\n        <!---->\r\n        <div class=\"h-row justify-content-lg-center justify-content-md-center justify-content-center align-items-lg-stretch align-items-md-stretch align-items-stretch gutters-col-lg-2 gutters-col-md-2 gutters-col-2 gutters-col-v-lg-2 gutters-col-v-md-2 gutters-col-v-2\">\r\n          <!---->\r\n          <div class=\"h-column h-column-container d-flex h-col-lg-auto h-col-md-auto h-col-auto style-235-outer style-local-31-c21-outer\">\r\n            <div data-colibri-id=\"31-c21\" class=\"d-flex h-flex-basis h-column__inner h-px-lg-2 h-px-md-2 h-px-2 v-inner-lg-2 v-inner-md-2 v-inner-2 style-235 style-local-31-c21 position-relative\">\r\n              <!---->\r\n              <!---->\r\n              <div class=\"w-100 h-y-container h-column__content h-column__v-align flex-basis-100 align-self-lg-center align-self-md-center align-self-center\">\r\n                <!---->\r\n                <div data-colibri-id=\"31-c22\" class=\"h-global-transition-all h-heading style-236 style-local-31-c22 position-relative h-element\">\r\n                  <!---->\r\n                  <div class=\"h-heading__outer style-236 style-local-31-c22\">\r\n                    <!---->\r\n                    <!---->\r\n                    <h3 class=\"\">Tornitura dell&#8217;acciaio<\/h3>\r\n                  <\/div>\r\n                <\/div>\r\n                <div data-colibri-id=\"31-c23\" class=\"h-lead h-text h-text-component style-237 style-local-31-c23 position-relative h-element\">\r\n                  <!---->\r\n                  <!---->\r\n                  <div class=\"\">\r\n                    <p>Grazie alle sue propriet\u00e0 quali durezza e deformabilit\u00e0, l\u2019acciaio rappresenta un materiale ampiamente utilizzato nelle applicazioni industriali: per aumentarne le performance in base alle vostre specifiche esigenze, la torneria con\r\n                      sede a Gardone Val Trompia esegue tutta una serie di trattamenti e servizi professionali come la tornitura.<\/p>\r\n                    <p>\r\n                      <br>\r\n                    <\/p>\r\n                    <p>In questo caso, avvalendosi delle migliori attrezzature presenti attualmente nel settore della meccanica di precisione, la torneria asporter\u00e0 la superficie del metallo attraverso un macchinario che lo scalfisce e produce truciolo.\r\n                      Contattate lo staff per saperne di pi\u00f9!<\/p>\r\n                    <p>\r\n                      <br>\r\n                    <\/p>\r\n                  <\/div>\r\n                <\/div>\r\n              <\/div>\r\n            <\/div>\r\n          <\/div>\r\n          <div class=\"h-column h-column-container d-flex h-col-lg-auto h-col-md-auto h-col-auto style-243-outer style-local-31-c24-outer\">\r\n            <div data-colibri-id=\"31-c24\" class=\"d-flex h-flex-basis h-column__inner h-px-lg-2 h-px-md-0 h-px-2 v-inner-lg-2 v-inner-md-0 v-inner-2 style-243 style-local-31-c24 position-relative\">\r\n              <!---->\r\n              <!---->\r\n              <div class=\"w-100 h-y-container h-column__content h-column__v-align flex-basis-100 align-self-lg-center align-self-md-center align-self-center\">\r\n                <!---->\r\n                <div data-colibri-id=\"31-c25\" class=\"d-block style-244 style-local-31-c25 position-relative h-element\">\r\n                  <!---->\r\n                  <div class=\"h-image__frame-container-outer\">\r\n                    <div class=\"h-image__frame-container\">\r\n                      <!---->\r\n                      <!---->\r\n                      <img loading=\"lazy\" decoding=\"async\" width=\"876\" height=\"750\" src=\"http:\/\/monomanfratellimontini.it\/wp-content\/uploads\/2022\/07\/cropped-pexels-photo-1381938.jpeg\" class=\"wp-image-131 style-244-image style-local-31-c25-image\" alt=\"\" srcset=\"https:\/\/minuteriemetallichetornite.it\/wp-content\/uploads\/2022\/07\/cropped-pexels-photo-1381938.jpeg 876w, https:\/\/minuteriemetallichetornite.it\/wp-content\/uploads\/2022\/07\/cropped-pexels-photo-1381938-300x257.jpeg 300w, https:\/\/minuteriemetallichetornite.it\/wp-content\/uploads\/2022\/07\/cropped-pexels-photo-1381938-768x658.jpeg 768w\" sizes=\"auto, (max-width: 876px) 100vw, 876px\" \/>\r\n                      <div class=\"h-image__frame h-image__frame_shadow h-hide-sm style-244-frameImage style-local-31-c25-frameImage\"><\/div>\r\n                    <\/div>\r\n                  <\/div>\r\n                <\/div>\r\n              <\/div>\r\n            <\/div>\r\n          <\/div>\r\n        <\/div>\r\n      <\/div>\r\n    <\/div>\r\n  <\/div>\r\n<\/div>","protected":false},"excerpt":{"rendered":"<p>Torneria all\u2019avanguardia nella lavorazione delle barre a Gardone Val Trompia La torneria Monoman \u00e8 un punto di riferimento a Gardone Val Trompia e in provincia di Brescia nel settore della minuteria tornita di precisione. Ad animare l\u2019azienda \u00e8 la forte passione, seriet\u00e0 e professionalit\u00e0 portate avanti dallo staff esperto, sempre a vostra disposizione per la [&hellip;]<\/p>\n","protected":false},"author":1,"featured_media":0,"parent":0,"menu_order":0,"comment_status":"closed","ping_status":"closed","template":"page-templates\/homepage.php","meta":{"footnotes":""},"class_list":["post-31","page","type-page","status-publish","hentry"],"_links":{"self":[{"href":"https:\/\/minuteriemetallichetornite.it\/index.php?rest_route=\/wp\/v2\/pages\/31","targetHints":{"allow":["GET"]}}],"collection":[{"href":"https:\/\/minuteriemetallichetornite.it\/index.php?rest_route=\/wp\/v2\/pages"}],"about":[{"href":"https:\/\/minuteriemetallichetornite.it\/index.php?rest_route=\/wp\/v2\/types\/page"}],"author":[{"embeddable":true,"href":"https:\/\/minuteriemetallichetornite.it\/index.php?rest_route=\/wp\/v2\/users\/1"}],"replies":[{"embeddable":true,"href":"https:\/\/minuteriemetallichetornite.it\/index.php?rest_route=%2Fwp%2Fv2%2Fcomments&post=31"}],"version-history":[{"count":16,"href":"https:\/\/minuteriemetallichetornite.it\/index.php?rest_route=\/wp\/v2\/pages\/31\/revisions"}],"predecessor-version":[{"id":221,"href":"https:\/\/minuteriemetallichetornite.it\/index.php?rest_route=\/wp\/v2\/pages\/31\/revisions\/221"}],"wp:attachment":[{"href":"https:\/\/minuteriemetallichetornite.it\/index.php?rest_route=%2Fwp%2Fv2%2Fmedia&parent=31"}],"curies":[{"name":"wp","href":"https:\/\/api.w.org\/{rel}","templated":true}]}}